{"id":1035,"date":"2015-11-28T12:08:14","date_gmt":"2015-11-28T10:08:14","guid":{"rendered":"http:\/\/www.uv-stovarklubb.se\/?page_id=1035"},"modified":"2025-03-28T17:40:46","modified_gmt":"2025-03-28T15:40:46","slug":"domarlista","status":"publish","type":"page","link":"https:\/\/www.uv-stovarklubb.se\/index.php\/domarlista\/","title":{"rendered":"Domarlista"},"content":{"rendered":"\n<figure class=\"wp-block-table is-style-stripes\"><table><tbody><tr><th>Name<\/th><th>Postort<\/th><th>Telefonnummer<\/th><th>e-Postadress<\/th><\/tr><tr><td>Andersson, Gustav<\/td><td>M\u00f6klinta<\/td><td>076-2089622<\/td><td>gustavanderssonvalsatra@gmail.com<\/td><\/tr><tr><td>Belin, Magnus<\/td><td>\u00d6rsundsbro<\/td><td>070-8327406<\/td><td>magnus.belin@outlook.com<\/td><\/tr><tr><td>Bj\u00f6rkhult, G\u00f6ran<\/td><td>Bergshamra<\/td><td>070-5759838<\/td><td>bjorkhult78@hotmail.com<\/td><\/tr><tr><td>Carlberg, Fredrik<\/td><td>Heby<\/td><td>073-1807930<\/td><td>fredrikcarlberg1@gmail.com<\/td><\/tr><tr><td>Cederborg Lars<\/td><td>Surahammar<\/td><td>073-3999671<\/td><td>evapiila@hotmail.com<\/td><\/tr><tr><td>Enstedt, Markus<\/td><td>Sala<\/td><td>070-5826916<\/td><td>silverstadensror@gmail.com<\/td><\/tr><tr><td>Eriksson, Anders<\/td><td>\u00d6rbyhus<\/td><td>070-2397308<\/td><td>anders.karby@telia.com<\/td><\/tr><tr><td>Eriksson, Emil<\/td><td>Tierp<\/td><td>076-1051119<\/td><td>barbo10119@gmail.com<\/td><\/tr><tr><td>Eriksson, Gustaf<\/td><td>Salbohed<\/td><td>073-7699016<\/td><td>gustaf.eriksson@vrenninge.se<\/td><\/tr><tr><td>Falk, Daniel<\/td><td>Norrt\u00e4lje<\/td><td>070-3490849<\/td><td>daniel.falk@me.com<\/td><\/tr><tr><td>Forsberg Torbj\u00f6rn<\/td><td>\u00d6rsundsbro<\/td><td>070-2232493<br>0171-412020<\/td><td>forsberg@swedenmail.com<\/td><\/tr><tr><td>Guldbacke, Christer<\/td><td>Sala<\/td><td>070-6835445<\/td><td>guldbacke@telia.com<\/td><\/tr><tr><td>Hansen, Lars<\/td><td>\u00c5kersberga<\/td><td>073-6002113<\/td><td>lars.hansen.se@gmail.com<\/td><\/tr><tr><td>Hjelmstedt, Mats<\/td><td>Uppsala<\/td><td>070-9640210<\/td><td>mats.hjelmstedt@yahoo.se<\/td><\/tr><tr><td>Ivarsson, Torbj\u00f6rn<\/td><td>Uppsala<\/td><td>076-0258485<\/td><td>&nbsp;<\/td><\/tr><tr><td>Jansson, Anders<\/td><td>T\u00e4by<\/td><td>073-3360254<\/td><td>anders@jadb.se<\/td><\/tr><tr><td>Johansson Andreas<\/td><td>M\u00f6klinta<\/td><td>070-2591759<\/td><td>andreas.johansson@abkarlhedin.se<\/td><\/tr><tr><td>Kihlgren, Daniel<\/td><td>M\u00f6klinta<\/td><td>073-9738186<\/td><td>danne_kihgren@hotmail.com<\/td><\/tr><tr><td>Lindberg Karl-Erik<\/td><td>Fagersta<\/td><td>070-3080309<\/td><td>karleriklindberg@hotmail.com<\/td><\/tr><tr><td>Lundin Lars<\/td><td>Uppsala<\/td><td>070-3736243018-515101<\/td><td>lars.lundin@slu.se<\/td><\/tr><tr><td>Lundell, Jan<\/td><td>Sala<\/td><td>070-9151175<\/td><td>jan.lundell@hotmail.com<\/td><\/tr><tr><td>Nilsson, Erik<\/td><td>Bj\u00f6rklinge<\/td><td>070-5312482<\/td><td>sandbyholm@yahoo.se<\/td><\/tr><tr><td>Olsson, Mikael<\/td><td>\u00d6sterf\u00e4rnebo<\/td><td>0703720148<\/td><td>mickeibackan@gmail.com<\/td><\/tr><tr><td>Sterner Hans<\/td><td>Sala<\/td><td>070-6020618<\/td><td>hassesterner121@gmail.com<\/td><\/tr><tr><td>Thors\u00e9n Kevin<\/td><td>Ransta<\/td><td>073-5141393<\/td><td>kevin.thorsen@nomus.se<\/td><\/tr><tr><td>Turunen, Henrik<\/td><td>Heby<\/td><td>070-5881698<\/td><td>industri@smia.se<\/td><\/tr><tr><td>\u00c5berg. Emil<\/td><td>Hornberg<\/td><td>070-6801558<\/td><td>fmx_emil@hotmail.com<\/td><\/tr><\/tbody><\/table><\/figure>\n\n\n<div class=\"wp-block-image\">\n<figure class=\"aligncenter size-full\"><a href=\"https:\/\/www.uv-stovarklubb.se\/wp-content\/uploads\/2023\/05\/59464642-E602-4E1A-98C2-0DD865D3967F_1_105_c.jpeg\"><img decoding=\"async\" loading=\"lazy\" width=\"553\" height=\"737\" src=\"https:\/\/www.uv-stovarklubb.se\/wp-content\/uploads\/2023\/05\/59464642-E602-4E1A-98C2-0DD865D3967F_1_105_c-edited.jpeg\" alt=\"\" class=\"wp-image-2378\" srcset=\"https:\/\/www.uv-stovarklubb.se\/wp-content\/uploads\/2023\/05\/59464642-E602-4E1A-98C2-0DD865D3967F_1_105_c-edited.jpeg 553w, https:\/\/www.uv-stovarklubb.se\/wp-content\/uploads\/2023\/05\/59464642-E602-4E1A-98C2-0DD865D3967F_1_105_c-edited-225x300.jpeg 225w\" sizes=\"(max-width: 553px) 100vw, 553px\" \/><\/a><\/figure><\/div>\n\n\n<h1 class=\"wp-block-heading\"><strong>Domare med mindre aktivitet<\/strong><\/h1>\n\n\n\n<figure class=\"wp-block-table is-style-stripes\"><table><tbody><tr><th>Name<\/th><th>Postort<\/th><th>Telefonnummer<\/th><th>e-Postadress<\/th><\/tr><tr><td>Ahlstr\u00f6m, Sten<\/td><td>Knutby<\/td><td>070-9990908<\/td><td>slip.sten@live.se<\/td><\/tr><tr><td>Carlberg Kenneth<\/td><td>Heby<\/td><td>070-6422323<\/td><td>&nbsp;<\/td><\/tr><tr><td>Widegren Gunnar<\/td><td>Salbohed<\/td><td>070-2101777<\/td><td>kg.widegren@gmail.com<\/td><\/tr><tr><td>H\u00e4rdin, Ulf<\/td><td>\u00d6regrund<\/td><td>070-6301304<\/td><td>ulf.hardin@telia.com<\/td><\/tr><tr><td>Ivarsson Bo<\/td><td>Uppsala<\/td><td>070-8357733<\/td><td><a href=\"mailto:bo.ivarsson123@gmail.com\">bo.ivarsson123@gmail.com<\/a><\/td><\/tr><tr><td>Turesson Krister<\/td><td>\u00d6rsundsbro<\/td><td>070-5353336<\/td><td>krister.thuresson@telia.com<\/td><\/tr><\/tbody><\/table><\/figure>\n\n\n\n<h1 class=\"wp-block-heading\"><strong>Aspiranter<\/strong><\/h1>\n\n\n\n<p>Ta g\u00e4rna kontakt med v\u00e5ra aspiranter n\u00e4r du f\u00e5r f\u00f6rfr\u00e5gan om att d\u00f6ma<\/p>\n\n\n\n<div class=\"wp-block-columns is-layout-flex wp-container-4\">\n<div class=\"wp-block-column is-layout-flow\" style=\"flex-basis:100%\">\n<div class=\"wp-block-columns is-layout-flex wp-container-2\">\n<div class=\"wp-block-column is-layout-flow\" style=\"flex-basis:100%\">\n<figure class=\"wp-block-table is-style-stripes\"><table><tbody><tr><th>Name<\/th><th>Postort<\/th><th>Telefonnummer<\/th><th>e-Postadress<\/th><\/tr><tr><td>Lars Skoog<\/td><td>M\u00f6klinta<\/td><td>076-8949547<\/td><td><\/td><\/tr><tr><td>Filip Flygt<\/td><td>V\u00e4nge<\/td><td>070-2075245<\/td><td>filipflykt@hotmail.com<\/td><\/tr><tr><td>Kalle Gaufin<\/td><td>Uppsala<\/td><td>070-6762740<\/td><td><\/td><\/tr><tr><td>Natanel Lyckelind<\/td><td>Uppsala<\/td><td>0707523430<\/td><td><\/td><\/tr><\/tbody><\/table><\/figure>\n<\/div>\n<\/div>\n<\/div>\n<\/div>\n\n\n\n<p><\/p>\n","protected":false},"excerpt":{"rendered":"<p>Name Postort Telefonnummer e-Postadress Andersson, Gustav M\u00f6klinta 076-2089622 gustavanderssonvalsatra@gmail.com Belin, Magnus \u00d6rsundsbro 070-8327406 magnus.belin@outlook.com Bj\u00f6rkhult, G\u00f6ran Bergshamra 070-5759838 bjorkhult78@hotmail.com Carlberg, Fredrik Heby 073-1807930 fredrikcarlberg1@gmail.com Cederborg Lars Surahammar 073-3999671 evapiila@hotmail.com Enstedt, Markus Sala 070-5826916 silverstadensror@gmail.com Eriksson, Anders \u00d6rbyhus 070-2397308 anders.karby@telia.com Eriksson, Emil Tierp 076-1051119 barbo10119@gmail.com Eriksson, Gustaf Salbohed 073-7699016 gustaf.eriksson@vrenninge.se Falk, Daniel Norrt\u00e4lje 070-3490849 daniel.falk@me.com Forsberg&hellip;&nbsp;<a href=\"https:\/\/www.uv-stovarklubb.se\/index.php\/domarlista\/\" class=\"\" rel=\"bookmark\">L\u00e4s mer &raquo;<span class=\"screen-reader-text\">Domarlista<\/span><\/a><\/p>\n","protected":false},"author":1,"featured_media":0,"parent":0,"menu_order":0,"comment_status":"closed","ping_status":"closed","template":"","meta":{"neve_meta_sidebar":"","neve_meta_container":"","neve_meta_enable_content_width":"","neve_meta_content_width":0,"neve_meta_title_alignment":"","neve_meta_author_avatar":"","neve_post_elements_order":"","neve_meta_disable_header":"","neve_meta_disable_footer":"","neve_meta_disable_title":""},"_links":{"self":[{"href":"https:\/\/www.uv-stovarklubb.se\/index.php\/wp-json\/wp\/v2\/pages\/1035"}],"collection":[{"href":"https:\/\/www.uv-stovarklubb.se\/index.php\/wp-json\/wp\/v2\/pages"}],"about":[{"href":"https:\/\/www.uv-stovarklubb.se\/index.php\/wp-json\/wp\/v2\/types\/page"}],"author":[{"embeddable":true,"href":"https:\/\/www.uv-stovarklubb.se\/index.php\/wp-json\/wp\/v2\/users\/1"}],"replies":[{"embeddable":true,"href":"https:\/\/www.uv-stovarklubb.se\/index.php\/wp-json\/wp\/v2\/comments?post=1035"}],"version-history":[{"count":52,"href":"https:\/\/www.uv-stovarklubb.se\/index.php\/wp-json\/wp\/v2\/pages\/1035\/revisions"}],"predecessor-version":[{"id":2809,"href":"https:\/\/www.uv-stovarklubb.se\/index.php\/wp-json\/wp\/v2\/pages\/1035\/revisions\/2809"}],"wp:attachment":[{"href":"https:\/\/www.uv-stovarklubb.se\/index.php\/wp-json\/wp\/v2\/media?parent=1035"}],"curies":[{"name":"wp","href":"https:\/\/api.w.org\/{rel}","templated":true}]}}