{"id":530,"date":"2012-06-16T19:46:45","date_gmt":"2012-06-16T17:46:45","guid":{"rendered":"http:\/\/stovare.abse.se\/?page_id=530"},"modified":"2023-05-11T20:37:23","modified_gmt":"2023-05-11T18:37:23","slug":"bli-medlem","status":"publish","type":"page","link":"https:\/\/www.uv-stovarklubb.se\/index.php\/om\/bli-medlem\/","title":{"rendered":"Att bli medlem"},"content":{"rendered":"\n<p>Vad roligt att du har hittat hit och \u00e4r intresserad av att komma med i v\u00e5r underbara f\u00f6rening. N\u00e4r man blir medlem i Uppland-V\u00e4stmanland s\u00e5 blir man f\u00f6rst medlem i Svenska St\u00f6varklubben och i samband med det v\u00e4ljer du att ha Uppland V\u00e4stmanland som din lokalklubb. <\/p>\n\n\n\n<p>F\u00f6r att bli medlem registrerar du dig p\u00e5 <a rel=\"noopener\" href=\"https:\/\/docs.google.com\/forms\/d\/1UjXHHsQTAcav-f80HUW9wAtdz-D2pQUk2T3vztAuIKE\/viewform\" target=\"_blank\">st\u00f6varklubbens hemsida<\/a><\/p>\n\n\n\n<p>Varmt m\u00f6tt in i v\u00e5r klubb och tveka inte att h\u00f6ra av dig till styrelsen om du undrar \u00f6ver n\u00e5got. <\/p>\n\n\n<div class=\"wp-block-image\">\n<figure class=\"aligncenter size-large\"><a href=\"https:\/\/www.uv-stovarklubb.se\/wp-content\/uploads\/2016\/12\/stovarjaktens2016-2.jpg\"><img decoding=\"async\" loading=\"lazy\" width=\"768\" height=\"1024\" src=\"https:\/\/www.uv-stovarklubb.se\/wp-content\/uploads\/2016\/12\/stovarjaktens2016-2-768x1024.jpg\" alt=\"\" class=\"wp-image-1169\" srcset=\"https:\/\/www.uv-stovarklubb.se\/wp-content\/uploads\/2016\/12\/stovarjaktens2016-2-768x1024.jpg 768w, https:\/\/www.uv-stovarklubb.se\/wp-content\/uploads\/2016\/12\/stovarjaktens2016-2-225x300.jpg 225w, https:\/\/www.uv-stovarklubb.se\/wp-content\/uploads\/2016\/12\/stovarjaktens2016-2.jpg 775w\" sizes=\"(max-width: 768px) 100vw, 768px\" \/><\/a><\/figure><\/div>","protected":false},"excerpt":{"rendered":"<p>Vad roligt att du har hittat hit och \u00e4r intresserad av att komma med i v\u00e5r underbara f\u00f6rening. N\u00e4r man blir medlem i Uppland-V\u00e4stmanland s\u00e5 blir man f\u00f6rst medlem i Svenska St\u00f6varklubben och i samband med det v\u00e4ljer du att ha Uppland V\u00e4stmanland som din lokalklubb. F\u00f6r att bli medlem registrerar du dig p\u00e5 st\u00f6varklubbens&hellip;&nbsp;<a href=\"https:\/\/www.uv-stovarklubb.se\/index.php\/om\/bli-medlem\/\" class=\"\" rel=\"bookmark\">L\u00e4s mer &raquo;<span class=\"screen-reader-text\">Att bli medlem<\/span><\/a><\/p>\n","protected":false},"author":1,"featured_media":0,"parent":2,"menu_order":0,"comment_status":"closed","ping_status":"open","template":"","meta":{"neve_meta_sidebar":"","neve_meta_container":"","neve_meta_enable_content_width":"","neve_meta_content_width":0,"neve_meta_title_alignment":"","neve_meta_author_avatar":"","neve_post_elements_order":"","neve_meta_disable_header":"","neve_meta_disable_footer":"","neve_meta_disable_title":""},"_links":{"self":[{"href":"https:\/\/www.uv-stovarklubb.se\/index.php\/wp-json\/wp\/v2\/pages\/530"}],"collection":[{"href":"https:\/\/www.uv-stovarklubb.se\/index.php\/wp-json\/wp\/v2\/pages"}],"about":[{"href":"https:\/\/www.uv-stovarklubb.se\/index.php\/wp-json\/wp\/v2\/types\/page"}],"author":[{"embeddable":true,"href":"https:\/\/www.uv-stovarklubb.se\/index.php\/wp-json\/wp\/v2\/users\/1"}],"replies":[{"embeddable":true,"href":"https:\/\/www.uv-stovarklubb.se\/index.php\/wp-json\/wp\/v2\/comments?post=530"}],"version-history":[{"count":3,"href":"https:\/\/www.uv-stovarklubb.se\/index.php\/wp-json\/wp\/v2\/pages\/530\/revisions"}],"predecessor-version":[{"id":2365,"href":"https:\/\/www.uv-stovarklubb.se\/index.php\/wp-json\/wp\/v2\/pages\/530\/revisions\/2365"}],"up":[{"embeddable":true,"href":"https:\/\/www.uv-stovarklubb.se\/index.php\/wp-json\/wp\/v2\/pages\/2"}],"wp:attachment":[{"href":"https:\/\/www.uv-stovarklubb.se\/index.php\/wp-json\/wp\/v2\/media?parent=530"}],"curies":[{"name":"wp","href":"https:\/\/api.w.org\/{rel}","templated":true}]}}